{"id":1272,"date":"2026-01-23T16:48:27","date_gmt":"2026-01-23T15:48:27","guid":{"rendered":"https:\/\/www.lcm2loop.com\/?page_id=1272"},"modified":"2026-01-23T16:48:28","modified_gmt":"2026-01-23T15:48:28","slug":"congres-mcv","status":"publish","type":"page","link":"https:\/\/www.lcm2loop.com\/en\/congres-mcv\/","title":{"rendered":"Congr\u00e8s MCV"},"content":{"rendered":"<section id=\"wp-block-themeisle-blocks-advanced-columns-335a2f03\" class=\"wp-block-themeisle-blocks-advanced-columns alignfull has-1-columns has-desktop-equal-layout has-tablet-equal-layout has-mobile-equal-layout has-vertical-flex-start has-dark-bg\"><div class=\"wp-block-themeisle-blocks-advanced-columns-overlay\"><\/div><div class=\"innerblocks-wrap\">\n<div id=\"wp-block-themeisle-blocks-advanced-column-5d90343f\" class=\"wp-block-themeisle-blocks-advanced-column\">\n<section id=\"wp-block-themeisle-blocks-advanced-columns-b2ead1d6\" class=\"wp-block-themeisle-blocks-advanced-columns has-1-columns has-desktop-equal-layout has-tablet-equal-layout has-mobile-equal-layout has-vertical-center\"><div class=\"wp-block-themeisle-blocks-advanced-columns-overlay\"><\/div><div class=\"innerblocks-wrap\">\n<div id=\"wp-block-themeisle-blocks-advanced-column-efabe6aa\" class=\"wp-block-themeisle-blocks-advanced-column\">\n<h1 class=\"wp-block-heading\" style=\"font-size:48px\">Congr\u00e8s MCV &#8211; Management du Cycle de Vie<\/h1>\n\n\n\n<h2 class=\"wp-block-heading has-neve-link-color-color has-text-color has-link-color wp-elements-cde78b6cdadffe47e7fd5eb77cb8be66\" style=\"font-size:30px\"><strong>Congr\u00e8s francophone port\u00e9 et organis\u00e9 par LCM2LOOP<\/strong><\/h2>\n<\/div>\n<\/div><\/section>\n\n\n\n<div style=\"height:50px\" aria-hidden=\"true\" class=\"wp-block-spacer\"><\/div>\n<\/div>\n<\/div><\/section>\n\n\n\n<section id=\"wp-block-themeisle-blocks-advanced-columns-1cad4c73\" class=\"wp-block-themeisle-blocks-advanced-columns alignfull has-1-columns has-desktop-equal-layout has-tablet-equal-layout has-mobile-equal-layout has-vertical-flex-start animated fadeIn has-light-bg\"><div class=\"wp-block-themeisle-blocks-advanced-columns-overlay\"><\/div><div class=\"innerblocks-wrap\">\n<div id=\"wp-block-themeisle-blocks-advanced-column-a0c641cc\" class=\"wp-block-themeisle-blocks-advanced-column\">\n<section id=\"wp-block-themeisle-blocks-advanced-columns-42a668f0\" class=\"wp-block-themeisle-blocks-advanced-columns has-2-columns has-desktop-equal-layout has-tablet-equal-layout has-mobile-collapsedRows-layout has-vertical-center\"><div class=\"wp-block-themeisle-blocks-advanced-columns-overlay\"><\/div><div class=\"innerblocks-wrap\">\n<div id=\"wp-block-themeisle-blocks-advanced-column-3ff65db7\" class=\"wp-block-themeisle-blocks-advanced-column\">\n<div id=\"wp-block-themeisle-blocks-slider-09878aad\" class=\"wp-block-themeisle-blocks-slider glide\" data-per-view=\"1\" data-gap=\"0\" data-peek=\"0\" data-autoplay=\"true\" data-height=\"400px\" data-hide-arrows=\"false\"><div class=\"glide__track\" data-glide-el=\"track\"><div class=\"glide__slides\"><div class=\"wp-block-themeisle-blocks-slider-item-wrapper glide__slide\" tabindex=\"0\"><figure><img decoding=\"async\" class=\"wp-block-themeisle-blocks-slider-item\" src=\"https:\/\/www.lcm2loop.com\/wp-content\/uploads\/2025\/03\/37-scaled.jpg\" alt=\"Conf\u00e9rence du Congr\u00e8s MCV 2024 \u2013 Table ronde sur la s\u00e9lection responsable des mat\u00e9riaux\" title=\"Conf\u00e9rence du Congr\u00e8s MCV 2024 \u2013 Table ronde sur la s\u00e9lection responsable des mat\u00e9riaux\" data-id=\"1153\"\/><\/figure><\/div><div class=\"wp-block-themeisle-blocks-slider-item-wrapper glide__slide\" tabindex=\"0\"><figure><img decoding=\"async\" class=\"wp-block-themeisle-blocks-slider-item\" src=\"https:\/\/www.lcm2loop.com\/wp-content\/uploads\/2025\/03\/94-scaled.jpg\" alt=\"Pr\u00e9sentation du Congr\u00e8s MCV 2024 organis\u00e9e par LCM2LOOP \u2013 Session pl\u00e9ni\u00e8re\" title=\"Pr\u00e9sentation du Congr\u00e8s MCV 2024 organis\u00e9e par LCM2LOOP \u2013 Session pl\u00e9ni\u00e8re\" data-id=\"1151\"\/><\/figure><\/div><div class=\"wp-block-themeisle-blocks-slider-item-wrapper glide__slide\" tabindex=\"0\"><figure><img decoding=\"async\" class=\"wp-block-themeisle-blocks-slider-item\" src=\"https:\/\/www.lcm2loop.com\/wp-content\/uploads\/2025\/03\/173-scaled.jpg\" alt=\"Photo de groupe des organisateurts du Congr\u00e8s MCV 2024 \u2013 Management du cycle de vie\" title=\"Photo de groupe des organisateurts du Congr\u00e8s MCV 2024 \u2013 Management du cycle de vie\" data-id=\"1147\"\/><\/figure><\/div><div class=\"wp-block-themeisle-blocks-slider-item-wrapper glide__slide\" tabindex=\"0\"><figure><img decoding=\"async\" class=\"wp-block-themeisle-blocks-slider-item\" src=\"https:\/\/www.lcm2loop.com\/wp-content\/uploads\/2025\/03\/43-scaled.jpg\" alt=\"Pr\u00e9sentation technique lors du Congr\u00e8s MCV 2024 \u2013 Analyse du cycle de vie et \u00e9coconception\" title=\"Pr\u00e9sentation technique lors du Congr\u00e8s MCV 2024 \u2013 Analyse du cycle de vie et \u00e9coconception\" data-id=\"1148\"\/><\/figure><\/div><div class=\"wp-block-themeisle-blocks-slider-item-wrapper glide__slide\" tabindex=\"0\"><figure><img decoding=\"async\" class=\"wp-block-themeisle-blocks-slider-item\" src=\"https:\/\/www.lcm2loop.com\/wp-content\/uploads\/2025\/03\/166-scaled.jpg\" alt=\"Table ronde du Congr\u00e8s MCV 2024 \u2013 \u00c9changes sur la durabilit\u00e9 et l\u2019innovation\" title=\"Table ronde du Congr\u00e8s MCV 2024 \u2013 \u00c9changes sur la durabilit\u00e9 et l\u2019innovation\" data-id=\"1150\"\/><\/figure><\/div><div class=\"wp-block-themeisle-blocks-slider-item-wrapper glide__slide\" tabindex=\"0\"><figure><img decoding=\"async\" class=\"wp-block-themeisle-blocks-slider-item\" src=\"https:\/\/www.lcm2loop.com\/wp-content\/uploads\/2025\/03\/38-scaled.jpg\" alt=\"Christian TRAISNEL et Naeem ADIBI, les deux fondateurs de LCM2LOOP assistant aux conf\u00e9rences du Congr\u00e8s MCV 2024\" title=\"Christian TRAISNEL et Naeem ADIBI, les deux fondateurs de LCM2LOOP assistant aux conf\u00e9rences du Congr\u00e8s MCV 2024\" data-id=\"1149\"\/><\/figure><\/div><div class=\"wp-block-themeisle-blocks-slider-item-wrapper glide__slide\" tabindex=\"0\"><figure><img decoding=\"async\" class=\"wp-block-themeisle-blocks-slider-item\" src=\"https:\/\/www.lcm2loop.com\/wp-content\/uploads\/2025\/03\/167-scaled.jpg\" alt=\"Intervention de Naeem Adibi lors du Congr\u00e8s MCV 2024 \u2013 WeLOOP\" title=\"Intervention de Naeem Adibi lors du Congr\u00e8s MCV 2024 \u2013 WeLOOP\" data-id=\"1154\"\/><\/figure><\/div><div class=\"wp-block-themeisle-blocks-slider-item-wrapper glide__slide\" tabindex=\"0\"><figure><img decoding=\"async\" class=\"wp-block-themeisle-blocks-slider-item\" src=\"https:\/\/www.lcm2loop.com\/wp-content\/uploads\/2025\/03\/55-scaled.jpg\" alt=\"Atelier du Congr\u00e8s MCV 2024 \u2013 Session de formation sur le management du cycle de vie\" title=\"Atelier du Congr\u00e8s MCV 2024 \u2013 Session de formation sur le management du cycle de vie\" data-id=\"1152\"\/><\/figure><\/div><div class=\"wp-block-themeisle-blocks-slider-item-wrapper glide__slide\" tabindex=\"0\"><figure><img decoding=\"async\" class=\"wp-block-themeisle-blocks-slider-item\" src=\"https:\/\/www.lcm2loop.com\/wp-content\/uploads\/2026\/01\/IMG_9117-scaled.jpg\" alt=\"\" title=\"\" data-id=\"1279\"\/><\/figure><\/div><div class=\"wp-block-themeisle-blocks-slider-item-wrapper glide__slide\" tabindex=\"0\"><figure><img decoding=\"async\" class=\"wp-block-themeisle-blocks-slider-item\" src=\"https:\/\/www.lcm2loop.com\/wp-content\/uploads\/2026\/01\/IMG_7150-scaled.jpg\" alt=\"\" title=\"\" data-id=\"1278\"\/><\/figure><\/div><div class=\"wp-block-themeisle-blocks-slider-item-wrapper glide__slide\" tabindex=\"0\"><figure><img decoding=\"async\" class=\"wp-block-themeisle-blocks-slider-item\" src=\"https:\/\/www.lcm2loop.com\/wp-content\/uploads\/2026\/01\/IMG_6339-scaled.jpg\" alt=\"\" title=\"\" data-id=\"1277\"\/><\/figure><\/div><div class=\"wp-block-themeisle-blocks-slider-item-wrapper glide__slide\" tabindex=\"0\"><figure><img decoding=\"async\" class=\"wp-block-themeisle-blocks-slider-item\" src=\"https:\/\/www.lcm2loop.com\/wp-content\/uploads\/2026\/01\/IMG_6597-scaled.jpg\" alt=\"\" title=\"\" data-id=\"1276\"\/><\/figure><\/div><div class=\"wp-block-themeisle-blocks-slider-item-wrapper glide__slide\" tabindex=\"0\"><figure><img decoding=\"async\" class=\"wp-block-themeisle-blocks-slider-item\" src=\"https:\/\/www.lcm2loop.com\/wp-content\/uploads\/2026\/01\/IMG_6490-scaled.jpg\" alt=\"\" title=\"\" data-id=\"1275\"\/><\/figure><\/div><\/div><\/div><\/div>\n<\/div>\n\n\n\n<div id=\"wp-block-themeisle-blocks-advanced-column-be32c225\" class=\"wp-block-themeisle-blocks-advanced-column\">\n<p><\/p>\n\n\n\n<p class=\"has-nv-dark-bg-color has-text-color has-link-color wp-elements-02e42bee0faee0dbae6521a1ea250c22\"><strong>LCM2LOOP porte, avec le bureau d\u2019expertise <a href=\"https:\/\/www.weloop.org\/\" target=\"_blank\" rel=\"noreferrer noopener\">WeLOOP<\/a> et une dizaine d\u2019autres acteurs de l\u2019ACV, le congr\u00e8s francophone MCV d\u00e9di\u00e9 aux enjeux du management du cycle de vie et et \u00e0 ses applications concr\u00e8tes. <\/strong><\/p>\n\n\n\n<p class=\"has-nv-dark-bg-color has-text-color has-link-color wp-elements-693e5af81b0b4074e4fb60f07081abd2\">Le congr\u00e8s constitue un lieu de rencontre entre entreprises, chercheurs et institutions pour stimuler les \u00e9changes, promouvoir des pratiques innovantes et mettre en lumi\u00e8re des solutions adapt\u00e9es \u00e0 divers secteurs \u00e9conomiques.<\/p>\n\n\n\n<div class=\"wp-block-buttons is-content-justification-left is-layout-flex wp-container-core-buttons-is-layout-fdcfc74e wp-block-buttons-is-layout-flex\">\n<div class=\"wp-block-button is-style-secondary\"><a class=\"wp-block-button__link has-text-align-left wp-element-button\" href=\"http:\/\/www.congres-mcv.com\" target=\"_blank\" rel=\"noreferrer noopener\">EN SAVOIR PLUS<\/a><\/div>\n<\/div>\n<\/div>\n<\/div><\/section>\n\n\n\n<section id=\"wp-block-themeisle-blocks-advanced-columns-4d658018\" class=\"wp-block-themeisle-blocks-advanced-columns has-1-columns has-desktop-equal-layout has-tablet-equal-layout has-mobile-equal-layout has-vertical-center\"><div class=\"wp-block-themeisle-blocks-advanced-columns-overlay\"><\/div><div class=\"innerblocks-wrap\">\n<div id=\"wp-block-themeisle-blocks-advanced-column-bdfb29d8\" class=\"wp-block-themeisle-blocks-advanced-column\">\n<div class=\"wp-block-columns is-layout-flex wp-container-core-columns-is-layout-9d6595d7 wp-block-columns-is-layout-flex\">\n<div class=\"wp-block-column is-layout-flow wp-block-column-is-layout-flow\">\n<div style=\"height:100px\" aria-hidden=\"true\" class=\"wp-block-spacer\"><\/div>\n\n\n\n<div id=\"wp-block-themeisle-blocks-flip-93db2ae3\" class=\"wp-block-themeisle-blocks-flip anim flipY has-dark-back-bg\"><div class=\"o-flip-inner\"><div class=\"o-flip-front\"><div class=\"o-flip-content\"><h3>MCV 2024 \u00e0 Lille<\/h3><p><strong>Lilliad Learning Center Innovation<br><\/strong>13 et 14 novembre 2024<\/p><\/div><\/div><div class=\"o-flip-back\">\n<h3 class=\"wp-block-heading\">+ 200 participant.e.s<\/h3>\n\n\n\n<p>7 pays<br>15 sessions<br>10 posters<br>2 ateliers<\/p>\n<\/div><\/div><\/div>\n<\/div>\n\n\n\n<div class=\"wp-block-column is-layout-flow wp-block-column-is-layout-flow\">\n<div style=\"height:100px\" aria-hidden=\"true\" class=\"wp-block-spacer\"><\/div>\n\n\n\n<div id=\"wp-block-themeisle-blocks-flip-e1d2e86b\" class=\"wp-block-themeisle-blocks-flip anim flipY has-dark-back-bg\"><div class=\"o-flip-inner\"><div class=\"o-flip-front\"><div class=\"o-flip-content\"><h3>MCV 2025 \u00e0 Bordeaux<\/h3><p><strong>Centre de Congr\u00e8s Cit\u00e9 Mondiale<br><\/strong>19 et 20 novembre 2025<\/p><\/div><\/div><div class=\"o-flip-back\">\n<h3 class=\"wp-block-heading\">+ 270 participant.e.s<\/h3>\n\n\n\n<p>11 pays<br>18 sessions<br>96 pr\u00e9sentations orales <br>36 posters<br>8 ateliers et formations<\/p>\n<\/div><\/div><\/div>\n<\/div>\n\n\n\n<div class=\"wp-block-column is-layout-flow wp-block-column-is-layout-flow\">\n<div style=\"height:100px\" aria-hidden=\"true\" class=\"wp-block-spacer\"><\/div>\n\n\n\n<div id=\"wp-block-themeisle-blocks-flip-c513e0ab\" class=\"wp-block-themeisle-blocks-flip anim flipY has-dark-back-bg\"><div class=\"o-flip-inner\"><div class=\"o-flip-front\"><div class=\"o-flip-content\"><h3>MCV 2026 \u00e0 Lille<\/h3><p><strong>Lilliad Learning Center Innovation<br><\/strong>25 et 26 novembre 2026<\/p><\/div><\/div><div class=\"o-flip-back\">\n<h3 class=\"wp-block-heading\">A venir&#8230;<\/h3>\n<\/div><\/div><\/div>\n<\/div>\n<\/div>\n<\/div>\n<\/div><\/section>\n<\/div>\n<\/div><\/section>\n\n\n\n<p><\/p>\n\n\n\n<p><\/p>","protected":false},"excerpt":{"rendered":"","protected":false},"author":3,"featured_media":1292,"parent":0,"menu_order":0,"comment_status":"closed","ping_status":"closed","template":"","meta":{"neve_meta_sidebar":"","neve_meta_container":"","neve_meta_enable_content_width":"","neve_meta_content_width":0,"neve_meta_title_alignment":"","neve_meta_author_avatar":"","neve_post_elements_order":"","neve_meta_disable_header":"","neve_meta_disable_footer":"","neve_meta_disable_title":"","neve_meta_reading_time":"","_themeisle_gutenberg_block_has_review":false,"_ti_tpc_template_sync":false,"_ti_tpc_template_id":"","footnotes":""},"class_list":["post-1272","page","type-page","status-publish","has-post-thumbnail","hentry"],"yoast_head":"<!-- This site is optimized with the Yoast SEO plugin v27.4 - https:\/\/yoast.com\/product\/yoast-seo-wordpress\/ -->\n<title>Congr\u00e8s MCV - LCM2LOOP<\/title>\n<meta name=\"description\" content=\"Le congr\u00e8s francophone d\u00e9di\u00e9 aux enjeux du management du cycle de vie et et \u00e0 ses applications concr\u00e8tes, port\u00e9 par LCM2LOOP.\" \/>\n<meta name=\"robots\" content=\"index, follow, max-snippet:-1, max-image-preview:large, max-video-preview:-1\" \/>\n<link rel=\"canonical\" href=\"https:\/\/www.lcm2loop.com\/en\/congres-mcv\/\" \/>\n<meta property=\"og:locale\" content=\"en_US\" \/>\n<meta property=\"og:type\" content=\"article\" \/>\n<meta property=\"og:title\" content=\"Congr\u00e8s MCV - LCM2LOOP\" \/>\n<meta property=\"og:description\" content=\"Le congr\u00e8s francophone d\u00e9di\u00e9 aux enjeux du management du cycle de vie et et \u00e0 ses applications concr\u00e8tes, port\u00e9 par LCM2LOOP.\" \/>\n<meta property=\"og:url\" content=\"https:\/\/www.lcm2loop.com\/en\/congres-mcv\/\" \/>\n<meta property=\"og:site_name\" content=\"LCM2LOOP\" \/>\n<meta property=\"article:modified_time\" content=\"2026-01-23T15:48:28+00:00\" \/>\n<meta property=\"og:image\" content=\"https:\/\/www.lcm2loop.com\/wp-content\/uploads\/2026\/01\/MCV-conference-logo-tour-de-cou-badge_Plan-de-travail-1-scaled.png\" \/>\n\t<meta property=\"og:image:width\" content=\"2560\" \/>\n\t<meta property=\"og:image:height\" content=\"1811\" \/>\n\t<meta property=\"og:image:type\" content=\"image\/png\" \/>\n<meta name=\"twitter:card\" content=\"summary_large_image\" \/>\n<meta name=\"twitter:label1\" content=\"Est. reading time\" \/>\n\t<meta name=\"twitter:data1\" content=\"4 minutes\" \/>\n<script type=\"application\/ld+json\" class=\"yoast-schema-graph\">{\"@context\":\"https:\\\/\\\/schema.org\",\"@graph\":[{\"@type\":\"WebPage\",\"@id\":\"https:\\\/\\\/www.lcm2loop.com\\\/congres-mcv\\\/\",\"url\":\"https:\\\/\\\/www.lcm2loop.com\\\/congres-mcv\\\/\",\"name\":\"Congr\u00e8s MCV - LCM2LOOP\",\"isPartOf\":{\"@id\":\"https:\\\/\\\/www.lcm2loop.com\\\/#website\"},\"primaryImageOfPage\":{\"@id\":\"https:\\\/\\\/www.lcm2loop.com\\\/congres-mcv\\\/#primaryimage\"},\"image\":{\"@id\":\"https:\\\/\\\/www.lcm2loop.com\\\/congres-mcv\\\/#primaryimage\"},\"thumbnailUrl\":\"https:\\\/\\\/www.lcm2loop.com\\\/wp-content\\\/uploads\\\/2026\\\/01\\\/MCV-conference-logo-tour-de-cou-badge_Plan-de-travail-1-scaled.png\",\"datePublished\":\"2026-01-23T15:48:27+00:00\",\"dateModified\":\"2026-01-23T15:48:28+00:00\",\"description\":\"Le congr\u00e8s francophone d\u00e9di\u00e9 aux enjeux du management du cycle de vie et et \u00e0 ses applications concr\u00e8tes, port\u00e9 par LCM2LOOP.\",\"breadcrumb\":{\"@id\":\"https:\\\/\\\/www.lcm2loop.com\\\/congres-mcv\\\/#breadcrumb\"},\"inLanguage\":\"en-US\",\"potentialAction\":[{\"@type\":\"ReadAction\",\"target\":[\"https:\\\/\\\/www.lcm2loop.com\\\/congres-mcv\\\/\"]}]},{\"@type\":\"ImageObject\",\"inLanguage\":\"en-US\",\"@id\":\"https:\\\/\\\/www.lcm2loop.com\\\/congres-mcv\\\/#primaryimage\",\"url\":\"https:\\\/\\\/www.lcm2loop.com\\\/wp-content\\\/uploads\\\/2026\\\/01\\\/MCV-conference-logo-tour-de-cou-badge_Plan-de-travail-1-scaled.png\",\"contentUrl\":\"https:\\\/\\\/www.lcm2loop.com\\\/wp-content\\\/uploads\\\/2026\\\/01\\\/MCV-conference-logo-tour-de-cou-badge_Plan-de-travail-1-scaled.png\",\"width\":2560,\"height\":1811},{\"@type\":\"BreadcrumbList\",\"@id\":\"https:\\\/\\\/www.lcm2loop.com\\\/congres-mcv\\\/#breadcrumb\",\"itemListElement\":[{\"@type\":\"ListItem\",\"position\":1,\"name\":\"Accueil\",\"item\":\"https:\\\/\\\/www.lcm2loop.com\\\/\"},{\"@type\":\"ListItem\",\"position\":2,\"name\":\"Congr\u00e8s MCV\"}]},{\"@type\":\"WebSite\",\"@id\":\"https:\\\/\\\/www.lcm2loop.com\\\/#website\",\"url\":\"https:\\\/\\\/www.lcm2loop.com\\\/\",\"name\":\"LCM2LOOP\",\"description\":\"\",\"publisher\":{\"@id\":\"https:\\\/\\\/www.lcm2loop.com\\\/#organization\"},\"potentialAction\":[{\"@type\":\"SearchAction\",\"target\":{\"@type\":\"EntryPoint\",\"urlTemplate\":\"https:\\\/\\\/www.lcm2loop.com\\\/?s={search_term_string}\"},\"query-input\":{\"@type\":\"PropertyValueSpecification\",\"valueRequired\":true,\"valueName\":\"search_term_string\"}}],\"inLanguage\":\"en-US\"},{\"@type\":\"Organization\",\"@id\":\"https:\\\/\\\/www.lcm2loop.com\\\/#organization\",\"name\":\"LCM2LOOP\",\"url\":\"https:\\\/\\\/www.lcm2loop.com\\\/\",\"logo\":{\"@type\":\"ImageObject\",\"inLanguage\":\"en-US\",\"@id\":\"https:\\\/\\\/www.lcm2loop.com\\\/#\\\/schema\\\/logo\\\/image\\\/\",\"url\":\"https:\\\/\\\/www.lcm2loop.com\\\/wp-content\\\/uploads\\\/2024\\\/05\\\/cropped-Logo-LCM2LOOP-complet.png\",\"contentUrl\":\"https:\\\/\\\/www.lcm2loop.com\\\/wp-content\\\/uploads\\\/2024\\\/05\\\/cropped-Logo-LCM2LOOP-complet.png\",\"width\":200,\"height\":50,\"caption\":\"LCM2LOOP\"},\"image\":{\"@id\":\"https:\\\/\\\/www.lcm2loop.com\\\/#\\\/schema\\\/logo\\\/image\\\/\"},\"sameAs\":[\"https:\\\/\\\/www.linkedin.com\\\/company\\\/lcm2loop\"]}]}<\/script>\n<!-- \/ Yoast SEO plugin. -->","yoast_head_json":{"title":"Congr\u00e8s MCV - LCM2LOOP","description":"Le congr\u00e8s francophone d\u00e9di\u00e9 aux enjeux du management du cycle de vie et et \u00e0 ses applications concr\u00e8tes, port\u00e9 par LCM2LOOP.","robots":{"index":"index","follow":"follow","max-snippet":"max-snippet:-1","max-image-preview":"max-image-preview:large","max-video-preview":"max-video-preview:-1"},"canonical":"https:\/\/www.lcm2loop.com\/en\/congres-mcv\/","og_locale":"en_US","og_type":"article","og_title":"Congr\u00e8s MCV - LCM2LOOP","og_description":"Le congr\u00e8s francophone d\u00e9di\u00e9 aux enjeux du management du cycle de vie et et \u00e0 ses applications concr\u00e8tes, port\u00e9 par LCM2LOOP.","og_url":"https:\/\/www.lcm2loop.com\/en\/congres-mcv\/","og_site_name":"LCM2LOOP","article_modified_time":"2026-01-23T15:48:28+00:00","og_image":[{"width":2560,"height":1811,"url":"https:\/\/www.lcm2loop.com\/wp-content\/uploads\/2026\/01\/MCV-conference-logo-tour-de-cou-badge_Plan-de-travail-1-scaled.png","type":"image\/png"}],"twitter_card":"summary_large_image","twitter_misc":{"Est. reading time":"4 minutes"},"schema":{"@context":"https:\/\/schema.org","@graph":[{"@type":"WebPage","@id":"https:\/\/www.lcm2loop.com\/congres-mcv\/","url":"https:\/\/www.lcm2loop.com\/congres-mcv\/","name":"Congr\u00e8s MCV - LCM2LOOP","isPartOf":{"@id":"https:\/\/www.lcm2loop.com\/#website"},"primaryImageOfPage":{"@id":"https:\/\/www.lcm2loop.com\/congres-mcv\/#primaryimage"},"image":{"@id":"https:\/\/www.lcm2loop.com\/congres-mcv\/#primaryimage"},"thumbnailUrl":"https:\/\/www.lcm2loop.com\/wp-content\/uploads\/2026\/01\/MCV-conference-logo-tour-de-cou-badge_Plan-de-travail-1-scaled.png","datePublished":"2026-01-23T15:48:27+00:00","dateModified":"2026-01-23T15:48:28+00:00","description":"Le congr\u00e8s francophone d\u00e9di\u00e9 aux enjeux du management du cycle de vie et et \u00e0 ses applications concr\u00e8tes, port\u00e9 par LCM2LOOP.","breadcrumb":{"@id":"https:\/\/www.lcm2loop.com\/congres-mcv\/#breadcrumb"},"inLanguage":"en-US","potentialAction":[{"@type":"ReadAction","target":["https:\/\/www.lcm2loop.com\/congres-mcv\/"]}]},{"@type":"ImageObject","inLanguage":"en-US","@id":"https:\/\/www.lcm2loop.com\/congres-mcv\/#primaryimage","url":"https:\/\/www.lcm2loop.com\/wp-content\/uploads\/2026\/01\/MCV-conference-logo-tour-de-cou-badge_Plan-de-travail-1-scaled.png","contentUrl":"https:\/\/www.lcm2loop.com\/wp-content\/uploads\/2026\/01\/MCV-conference-logo-tour-de-cou-badge_Plan-de-travail-1-scaled.png","width":2560,"height":1811},{"@type":"BreadcrumbList","@id":"https:\/\/www.lcm2loop.com\/congres-mcv\/#breadcrumb","itemListElement":[{"@type":"ListItem","position":1,"name":"Accueil","item":"https:\/\/www.lcm2loop.com\/"},{"@type":"ListItem","position":2,"name":"Congr\u00e8s MCV"}]},{"@type":"WebSite","@id":"https:\/\/www.lcm2loop.com\/#website","url":"https:\/\/www.lcm2loop.com\/","name":"LCM2LOOP","description":"","publisher":{"@id":"https:\/\/www.lcm2loop.com\/#organization"},"potentialAction":[{"@type":"SearchAction","target":{"@type":"EntryPoint","urlTemplate":"https:\/\/www.lcm2loop.com\/?s={search_term_string}"},"query-input":{"@type":"PropertyValueSpecification","valueRequired":true,"valueName":"search_term_string"}}],"inLanguage":"en-US"},{"@type":"Organization","@id":"https:\/\/www.lcm2loop.com\/#organization","name":"LCM2LOOP","url":"https:\/\/www.lcm2loop.com\/","logo":{"@type":"ImageObject","inLanguage":"en-US","@id":"https:\/\/www.lcm2loop.com\/#\/schema\/logo\/image\/","url":"https:\/\/www.lcm2loop.com\/wp-content\/uploads\/2024\/05\/cropped-Logo-LCM2LOOP-complet.png","contentUrl":"https:\/\/www.lcm2loop.com\/wp-content\/uploads\/2024\/05\/cropped-Logo-LCM2LOOP-complet.png","width":200,"height":50,"caption":"LCM2LOOP"},"image":{"@id":"https:\/\/www.lcm2loop.com\/#\/schema\/logo\/image\/"},"sameAs":["https:\/\/www.linkedin.com\/company\/lcm2loop"]}]}},"_links":{"self":[{"href":"https:\/\/www.lcm2loop.com\/en\/wp-json\/wp\/v2\/pages\/1272","targetHints":{"allow":["GET"]}}],"collection":[{"href":"https:\/\/www.lcm2loop.com\/en\/wp-json\/wp\/v2\/pages"}],"about":[{"href":"https:\/\/www.lcm2loop.com\/en\/wp-json\/wp\/v2\/types\/page"}],"author":[{"embeddable":true,"href":"https:\/\/www.lcm2loop.com\/en\/wp-json\/wp\/v2\/users\/3"}],"replies":[{"embeddable":true,"href":"https:\/\/www.lcm2loop.com\/en\/wp-json\/wp\/v2\/comments?post=1272"}],"version-history":[{"count":7,"href":"https:\/\/www.lcm2loop.com\/en\/wp-json\/wp\/v2\/pages\/1272\/revisions"}],"predecessor-version":[{"id":1293,"href":"https:\/\/www.lcm2loop.com\/en\/wp-json\/wp\/v2\/pages\/1272\/revisions\/1293"}],"wp:featuredmedia":[{"embeddable":true,"href":"https:\/\/www.lcm2loop.com\/en\/wp-json\/wp\/v2\/media\/1292"}],"wp:attachment":[{"href":"https:\/\/www.lcm2loop.com\/en\/wp-json\/wp\/v2\/media?parent=1272"}],"curies":[{"name":"wp","href":"https:\/\/api.w.org\/{rel}","templated":true}]}}