{"id":1299,"date":"2026-01-23T17:09:35","date_gmt":"2026-01-23T16:09:35","guid":{"rendered":"https:\/\/www.lcm2loop.com\/?page_id=1299"},"modified":"2026-01-23T17:13:41","modified_gmt":"2026-01-23T16:13:41","slug":"lcm-2023","status":"publish","type":"page","link":"https:\/\/www.lcm2loop.com\/en\/lcm-2023\/","title":{"rendered":"LCM 2023"},"content":{"rendered":"<section id=\"wp-block-themeisle-blocks-advanced-columns-335a2f03\" class=\"wp-block-themeisle-blocks-advanced-columns alignfull has-1-columns has-desktop-equal-layout has-tablet-equal-layout has-mobile-equal-layout has-vertical-flex-start has-dark-bg\"><div class=\"wp-block-themeisle-blocks-advanced-columns-overlay\"><\/div><div class=\"innerblocks-wrap\">\n<div id=\"wp-block-themeisle-blocks-advanced-column-5d90343f\" class=\"wp-block-themeisle-blocks-advanced-column\">\n<section id=\"wp-block-themeisle-blocks-advanced-columns-b2ead1d6\" class=\"wp-block-themeisle-blocks-advanced-columns has-1-columns has-desktop-equal-layout has-tablet-equal-layout has-mobile-equal-layout has-vertical-center\"><div class=\"wp-block-themeisle-blocks-advanced-columns-overlay\"><\/div><div class=\"innerblocks-wrap\">\n<div id=\"wp-block-themeisle-blocks-advanced-column-efabe6aa\" class=\"wp-block-themeisle-blocks-advanced-column\">\n<h1 class=\"wp-block-heading\" style=\"font-size:48px\">LCM 2023<\/h1>\n\n\n\n<h2 class=\"wp-block-heading has-neve-link-color-color has-text-color has-link-color wp-elements-ddfdfa0b8023fabab7a737e3fc648a91\" style=\"font-size:30px\"><strong><strong>11<sup>\u00e8me<\/sup> \u00e9dition de la conf\u00e9rence internationale Life Cycle Management <\/strong><\/strong><\/h2>\n<\/div>\n<\/div><\/section>\n\n\n\n<div style=\"height:50px\" aria-hidden=\"true\" class=\"wp-block-spacer\"><\/div>\n<\/div>\n<\/div><\/section>\n\n\n\n<section id=\"wp-block-themeisle-blocks-advanced-columns-1cad4c73\" class=\"wp-block-themeisle-blocks-advanced-columns alignfull has-1-columns has-desktop-equal-layout has-tablet-equal-layout has-mobile-equal-layout has-vertical-flex-start animated fadeIn has-light-bg\"><div class=\"wp-block-themeisle-blocks-advanced-columns-overlay\"><\/div><div class=\"innerblocks-wrap\">\n<div id=\"wp-block-themeisle-blocks-advanced-column-2e287e6b\" class=\"wp-block-themeisle-blocks-advanced-column\">\n<section id=\"wp-block-themeisle-blocks-advanced-columns-038addab\" class=\"wp-block-themeisle-blocks-advanced-columns has-2-columns has-desktop-equal-layout has-tablet-equal-layout has-mobile-collapsedRows-layout has-vertical-center\"><div class=\"wp-block-themeisle-blocks-advanced-columns-overlay\"><\/div><div class=\"innerblocks-wrap\">\n<div id=\"wp-block-themeisle-blocks-advanced-column-e7306284\" class=\"wp-block-themeisle-blocks-advanced-column\">\n<h3 class=\"wp-block-heading has-text-align-left has-neve-link-color-color has-text-color has-link-color has-large-font-size wp-elements-c895dbec4468e906a8bbb1eddad1d4f1\" style=\"padding-top:0;padding-right:0;padding-bottom:0;padding-left:0\">LCM 2023<\/h3>\n\n\n\n<p class=\"has-nv-dark-bg-color has-text-color has-link-color wp-elements-b6d44f3c78d1ec81b8505b9795683fce\"><strong>LCM2LOOP a organis\u00e9, avec le bureau d\u2019expertise WeLOOP, la 11<sup>\u00e8me<\/sup> \u00e9dition de la conf\u00e9rence internationale  Life Cycle Management qui a rassembl\u00e9 du 6 au 8 septembre 2023 pr\u00e8s de 950 acteurs internationaux.<\/strong><\/p>\n\n\n\n<p class=\"has-nv-dark-bg-color has-text-color has-link-color wp-elements-24467353e2beac01ea4b075c8c751f9b\">LCM est l&rsquo;un des principaux congr\u00e8s mondiaux sur le management du cycle de vie et ses d\u00e9fis environnementaux, sociaux et \u00e9conomiques.<\/p>\n\n\n\n<div class=\"wp-block-buttons is-content-justification-left is-layout-flex wp-container-core-buttons-is-layout-fdcfc74e wp-block-buttons-is-layout-flex\">\n<div class=\"wp-block-button is-style-primary\"><a class=\"wp-block-button__link has-text-align-center wp-element-button\" href=\"http:\/\/www.lcm2023.org\" target=\"_blank\" rel=\"noreferrer noopener\">EN SAVOIR PLUS<\/a><\/div>\n<\/div>\n<\/div>\n\n\n\n<div id=\"wp-block-themeisle-blocks-advanced-column-2f80a579\" class=\"wp-block-themeisle-blocks-advanced-column\">\n<div id=\"wp-block-themeisle-blocks-slider-9a57a75f\" class=\"wp-block-themeisle-blocks-slider glide\" data-per-view=\"1\" data-gap=\"0\" data-peek=\"0\" data-autoplay=\"3000\" data-height=\"\" data-hide-arrows=\"false\"><div class=\"glide__track\" data-glide-el=\"track\"><div class=\"glide__slides\"><div class=\"wp-block-themeisle-blocks-slider-item-wrapper glide__slide\" tabindex=\"0\"><figure><img decoding=\"async\" class=\"wp-block-themeisle-blocks-slider-item\" src=\"https:\/\/www.lcm2loop.com\/wp-content\/uploads\/2024\/05\/3X9A6894_1.jpg\" alt=\"Photo de groupe des organisateurs de la soci\u00e9t\u00e9 WeLOOP du Congr\u00e8s LCM 2023 \u00e0 Lille\" title=\"Photo de groupe des organisateurs de la soci\u00e9t\u00e9 WeLOOP du Congr\u00e8s LCM 2023 \u00e0 Lille\" data-id=\"1058\"\/><\/figure><\/div><div class=\"wp-block-themeisle-blocks-slider-item-wrapper glide__slide\" tabindex=\"0\"><figure><img decoding=\"async\" class=\"wp-block-themeisle-blocks-slider-item\" src=\"https:\/\/www.lcm2loop.com\/wp-content\/uploads\/2024\/05\/23_09_06-J1-67_1.jpg\" alt=\"Participants du Congr\u00e8s LCM 2023 pendant les \u00e9changes informels\" title=\"Participants du Congr\u00e8s LCM 2023 pendant les \u00e9changes informels\" data-id=\"1059\"\/><\/figure><\/div><div class=\"wp-block-themeisle-blocks-slider-item-wrapper glide__slide\" tabindex=\"0\"><figure><img decoding=\"async\" class=\"wp-block-themeisle-blocks-slider-item\" src=\"https:\/\/www.lcm2loop.com\/wp-content\/uploads\/2024\/05\/23_09_06-J1-76.jpg\" alt=\"Conf\u00e9rence pl\u00e9ni\u00e8re du Congr\u00e8s LCM 2023 \u2013 Management du cycle de vie\" title=\"Conf\u00e9rence pl\u00e9ni\u00e8re du Congr\u00e8s LCM 2023 \u2013 Management du cycle de vie\" data-id=\"1060\"\/><\/figure><\/div><div class=\"wp-block-themeisle-blocks-slider-item-wrapper glide__slide\" tabindex=\"0\"><figure><img decoding=\"async\" class=\"wp-block-themeisle-blocks-slider-item\" src=\"https:\/\/www.lcm2loop.com\/wp-content\/uploads\/2024\/05\/23_09_06-J1-112-1.jpg\" alt=\"Pr\u00e9sentation scientifique lors du Congr\u00e8s LCM 2023\" title=\"Pr\u00e9sentation scientifique lors du Congr\u00e8s LCM 2023\" data-id=\"1061\"\/><\/figure><\/div><div class=\"wp-block-themeisle-blocks-slider-item-wrapper glide__slide\" tabindex=\"0\"><figure><img decoding=\"async\" class=\"wp-block-themeisle-blocks-slider-item\" src=\"https:\/\/www.lcm2loop.com\/wp-content\/uploads\/2024\/05\/23_09_06-J1-169.jpg\" alt=\"Table ronde du Congr\u00e8s LCM 2023 \u2013 Innovation et durabilit\u00e9\" title=\"Table ronde du Congr\u00e8s LCM 2023 \u2013 Innovation et durabilit\u00e9\" data-id=\"1062\"\/><\/figure><\/div><div class=\"wp-block-themeisle-blocks-slider-item-wrapper glide__slide\" tabindex=\"0\"><figure><img decoding=\"async\" class=\"wp-block-themeisle-blocks-slider-item\" src=\"https:\/\/www.lcm2loop.com\/wp-content\/uploads\/2024\/05\/23_09_06-J1-421.jpg\" alt=\"Conf\u00e9rence du Congr\u00e8s LCM 2023 \u2013 Session scientifique sur l\u2019ACV\" title=\"Conf\u00e9rence du Congr\u00e8s LCM 2023 \u2013 Session scientifique sur l\u2019ACV\" data-id=\"1063\"\/><\/figure><\/div><div class=\"wp-block-themeisle-blocks-slider-item-wrapper glide__slide\" tabindex=\"0\"><figure><img decoding=\"async\" class=\"wp-block-themeisle-blocks-slider-item\" src=\"https:\/\/www.lcm2loop.com\/wp-content\/uploads\/2024\/05\/NZ1_6825.jpg\" alt=\"Atelier du Congr\u00e8s LCM 2023 \u2013 Formation sur le management du cycle de vie\" title=\"Atelier du Congr\u00e8s LCM 2023 \u2013 Formation sur le management du cycle de vie\" data-id=\"1065\"\/><\/figure><\/div><div class=\"wp-block-themeisle-blocks-slider-item-wrapper glide__slide\" tabindex=\"0\"><figure><img decoding=\"async\" class=\"wp-block-themeisle-blocks-slider-item\" src=\"https:\/\/www.lcm2loop.com\/wp-content\/uploads\/2024\/05\/NZ1_6931_1.jpg\" alt=\"Soir\u00e9e de cl\u00f4ture du Congr\u00e8s LCM 2023 \u00e0 Lille\" title=\"Soir\u00e9e de cl\u00f4ture du Congr\u00e8s LCM 2023 \u00e0 Lille\" data-id=\"1066\"\/><\/figure><\/div><div class=\"wp-block-themeisle-blocks-slider-item-wrapper glide__slide\" tabindex=\"0\"><figure><img decoding=\"async\" class=\"wp-block-themeisle-blocks-slider-item\" src=\"https:\/\/www.lcm2loop.com\/wp-content\/uploads\/2024\/05\/NZ1_6959.jpg\" alt=\"Organisateurs du Congr\u00e8s LCM 2023 \u2013 R\u00e9seautage et convivialit\u00e9\" title=\"Organisateurs du Congr\u00e8s LCM 2023 \u2013 R\u00e9seautage et convivialit\u00e9\" data-id=\"1067\"\/><\/figure><\/div><div class=\"wp-block-themeisle-blocks-slider-item-wrapper glide__slide\" tabindex=\"0\"><figure><img decoding=\"async\" class=\"wp-block-themeisle-blocks-slider-item\" src=\"https:\/\/www.lcm2loop.com\/wp-content\/uploads\/2024\/05\/NZ2_6210.jpg\" alt=\"Table d\u2019ouverture du Congr\u00e8s LCM 2023 \u2013 Conf\u00e9rence pl\u00e9ni\u00e8re\" title=\"Table d\u2019ouverture du Congr\u00e8s LCM 2023 \u2013 Conf\u00e9rence pl\u00e9ni\u00e8re\" data-id=\"1068\"\/><\/figure><\/div><\/div><\/div><\/div>\n<\/div>\n<\/div><\/section>\n\n\n\n<div style=\"height:37px\" aria-hidden=\"true\" class=\"wp-block-spacer\"><\/div>\n\n\n\n<div id=\"wp-block-themeisle-blocks-advanced-columns-3c6a82d5\" class=\"wp-block-themeisle-blocks-advanced-columns has-4-columns has-desktop-equal-layout has-tablet-equal-layout has-mobile-collapsedRows-layout has-reverse-columns-mobile has-vertical-center ticss-c00aadba\"><div class=\"wp-block-themeisle-blocks-advanced-columns-overlay\"><\/div><div class=\"innerblocks-wrap\">\n<div id=\"wp-block-themeisle-blocks-advanced-column-74f6b12a\" class=\"wp-block-themeisle-blocks-advanced-column\">\n<p id=\"wp-block-themeisle-blocks-advanced-heading-2c3fa2d6\" class=\"wp-block-themeisle-blocks-advanced-heading wp-block-themeisle-blocks-advanced-heading-2c3fa2d6\"><strong>965<\/strong><\/p>\n\n\n\n<p id=\"wp-block-themeisle-blocks-advanced-heading-6bc84d2f\" class=\"wp-block-themeisle-blocks-advanced-heading wp-block-themeisle-blocks-advanced-heading-6bc84d2f\">Participants<\/p>\n<\/div>\n\n\n\n<div id=\"wp-block-themeisle-blocks-advanced-column-4a9fcc3e\" class=\"wp-block-themeisle-blocks-advanced-column\">\n<p id=\"wp-block-themeisle-blocks-advanced-heading-2a66195e\" class=\"wp-block-themeisle-blocks-advanced-heading wp-block-themeisle-blocks-advanced-heading-2a66195e\"><strong>42<\/strong><\/p>\n\n\n\n<p id=\"wp-block-themeisle-blocks-advanced-heading-8d24d6f6\" class=\"wp-block-themeisle-blocks-advanced-heading wp-block-themeisle-blocks-advanced-heading-8d24d6f6\">Pays<\/p>\n<\/div>\n\n\n\n<div id=\"wp-block-themeisle-blocks-advanced-column-1ebd650e\" class=\"wp-block-themeisle-blocks-advanced-column\">\n<p id=\"wp-block-themeisle-blocks-advanced-heading-49404731\" class=\"wp-block-themeisle-blocks-advanced-heading wp-block-themeisle-blocks-advanced-heading-49404731\"><strong>41<\/strong><\/p>\n\n\n\n<p id=\"wp-block-themeisle-blocks-advanced-heading-ee29f43e\" class=\"wp-block-themeisle-blocks-advanced-heading wp-block-themeisle-blocks-advanced-heading-ee29f43e\">Sessions<\/p>\n<\/div>\n\n\n\n<div id=\"wp-block-themeisle-blocks-advanced-column-38f76d67\" class=\"wp-block-themeisle-blocks-advanced-column\">\n<p id=\"wp-block-themeisle-blocks-advanced-heading-8b7be5c6\" class=\"wp-block-themeisle-blocks-advanced-heading wp-block-themeisle-blocks-advanced-heading-8b7be5c6\"><strong>+200<\/strong><\/p>\n\n\n\n<p id=\"wp-block-themeisle-blocks-advanced-heading-e9de9066\" class=\"wp-block-themeisle-blocks-advanced-heading wp-block-themeisle-blocks-advanced-heading-e9de9066\">Pr\u00e9sentateurs\/trices<\/p>\n<\/div>\n<\/div><\/div>\n<\/div>\n<\/div><\/section>\n\n\n\n<p><\/p>\n\n\n\n<p><\/p>","protected":false},"excerpt":{"rendered":"","protected":false},"author":3,"featured_media":1302,"parent":0,"menu_order":0,"comment_status":"closed","ping_status":"closed","template":"","meta":{"neve_meta_sidebar":"","neve_meta_container":"","neve_meta_enable_content_width":"","neve_meta_content_width":0,"neve_meta_title_alignment":"","neve_meta_author_avatar":"","neve_post_elements_order":"","neve_meta_disable_header":"","neve_meta_disable_footer":"","neve_meta_disable_title":"","neve_meta_reading_time":"","_themeisle_gutenberg_block_has_review":false,"_ti_tpc_template_sync":false,"_ti_tpc_template_id":"","footnotes":""},"class_list":["post-1299","page","type-page","status-publish","has-post-thumbnail","hentry"],"yoast_head":"<!-- This site is optimized with the Yoast SEO plugin v27.4 - https:\/\/yoast.com\/product\/yoast-seo-wordpress\/ -->\n<title>LCM 2023 - LCM2LOOP<\/title>\n<meta name=\"description\" content=\"LCM2LOOP a organis\u00e9, avec le bureau d\u2019expertise WeLOOP, la 11\u00e8me \u00e9dition du congr\u00e8s international Life Cycle Management.\" \/>\n<meta name=\"robots\" content=\"index, follow, max-snippet:-1, max-image-preview:large, max-video-preview:-1\" \/>\n<link rel=\"canonical\" href=\"https:\/\/www.lcm2loop.com\/en\/lcm-2023\/\" \/>\n<meta property=\"og:locale\" content=\"en_US\" \/>\n<meta property=\"og:type\" content=\"article\" \/>\n<meta property=\"og:title\" content=\"LCM 2023 - LCM2LOOP\" \/>\n<meta property=\"og:description\" content=\"LCM2LOOP a organis\u00e9, avec le bureau d\u2019expertise WeLOOP, la 11\u00e8me \u00e9dition du congr\u00e8s international Life Cycle Management.\" \/>\n<meta property=\"og:url\" content=\"https:\/\/www.lcm2loop.com\/en\/lcm-2023\/\" \/>\n<meta property=\"og:site_name\" content=\"LCM2LOOP\" \/>\n<meta property=\"article:modified_time\" content=\"2026-01-23T16:13:41+00:00\" \/>\n<meta property=\"og:image\" content=\"https:\/\/www.lcm2loop.com\/wp-content\/uploads\/2026\/01\/LCM2023-LOGO.png\" \/>\n\t<meta property=\"og:image:width\" content=\"757\" \/>\n\t<meta property=\"og:image:height\" content=\"645\" \/>\n\t<meta property=\"og:image:type\" content=\"image\/png\" \/>\n<meta name=\"twitter:card\" content=\"summary_large_image\" \/>\n<meta name=\"twitter:label1\" content=\"Est. reading time\" \/>\n\t<meta name=\"twitter:data1\" content=\"3 minutes\" \/>\n<script type=\"application\/ld+json\" class=\"yoast-schema-graph\">{\"@context\":\"https:\\\/\\\/schema.org\",\"@graph\":[{\"@type\":\"WebPage\",\"@id\":\"https:\\\/\\\/www.lcm2loop.com\\\/lcm-2023\\\/\",\"url\":\"https:\\\/\\\/www.lcm2loop.com\\\/lcm-2023\\\/\",\"name\":\"LCM 2023 - LCM2LOOP\",\"isPartOf\":{\"@id\":\"https:\\\/\\\/www.lcm2loop.com\\\/#website\"},\"primaryImageOfPage\":{\"@id\":\"https:\\\/\\\/www.lcm2loop.com\\\/lcm-2023\\\/#primaryimage\"},\"image\":{\"@id\":\"https:\\\/\\\/www.lcm2loop.com\\\/lcm-2023\\\/#primaryimage\"},\"thumbnailUrl\":\"https:\\\/\\\/www.lcm2loop.com\\\/wp-content\\\/uploads\\\/2026\\\/01\\\/LCM2023-LOGO.png\",\"datePublished\":\"2026-01-23T16:09:35+00:00\",\"dateModified\":\"2026-01-23T16:13:41+00:00\",\"description\":\"LCM2LOOP a organis\u00e9, avec le bureau d\u2019expertise WeLOOP, la 11\u00e8me \u00e9dition du congr\u00e8s international Life Cycle Management.\",\"breadcrumb\":{\"@id\":\"https:\\\/\\\/www.lcm2loop.com\\\/lcm-2023\\\/#breadcrumb\"},\"inLanguage\":\"en-US\",\"potentialAction\":[{\"@type\":\"ReadAction\",\"target\":[\"https:\\\/\\\/www.lcm2loop.com\\\/lcm-2023\\\/\"]}]},{\"@type\":\"ImageObject\",\"inLanguage\":\"en-US\",\"@id\":\"https:\\\/\\\/www.lcm2loop.com\\\/lcm-2023\\\/#primaryimage\",\"url\":\"https:\\\/\\\/www.lcm2loop.com\\\/wp-content\\\/uploads\\\/2026\\\/01\\\/LCM2023-LOGO.png\",\"contentUrl\":\"https:\\\/\\\/www.lcm2loop.com\\\/wp-content\\\/uploads\\\/2026\\\/01\\\/LCM2023-LOGO.png\",\"width\":757,\"height\":645},{\"@type\":\"BreadcrumbList\",\"@id\":\"https:\\\/\\\/www.lcm2loop.com\\\/lcm-2023\\\/#breadcrumb\",\"itemListElement\":[{\"@type\":\"ListItem\",\"position\":1,\"name\":\"Accueil\",\"item\":\"https:\\\/\\\/www.lcm2loop.com\\\/\"},{\"@type\":\"ListItem\",\"position\":2,\"name\":\"LCM 2023\"}]},{\"@type\":\"WebSite\",\"@id\":\"https:\\\/\\\/www.lcm2loop.com\\\/#website\",\"url\":\"https:\\\/\\\/www.lcm2loop.com\\\/\",\"name\":\"LCM2LOOP\",\"description\":\"\",\"publisher\":{\"@id\":\"https:\\\/\\\/www.lcm2loop.com\\\/#organization\"},\"potentialAction\":[{\"@type\":\"SearchAction\",\"target\":{\"@type\":\"EntryPoint\",\"urlTemplate\":\"https:\\\/\\\/www.lcm2loop.com\\\/?s={search_term_string}\"},\"query-input\":{\"@type\":\"PropertyValueSpecification\",\"valueRequired\":true,\"valueName\":\"search_term_string\"}}],\"inLanguage\":\"en-US\"},{\"@type\":\"Organization\",\"@id\":\"https:\\\/\\\/www.lcm2loop.com\\\/#organization\",\"name\":\"LCM2LOOP\",\"url\":\"https:\\\/\\\/www.lcm2loop.com\\\/\",\"logo\":{\"@type\":\"ImageObject\",\"inLanguage\":\"en-US\",\"@id\":\"https:\\\/\\\/www.lcm2loop.com\\\/#\\\/schema\\\/logo\\\/image\\\/\",\"url\":\"https:\\\/\\\/www.lcm2loop.com\\\/wp-content\\\/uploads\\\/2024\\\/05\\\/cropped-Logo-LCM2LOOP-complet.png\",\"contentUrl\":\"https:\\\/\\\/www.lcm2loop.com\\\/wp-content\\\/uploads\\\/2024\\\/05\\\/cropped-Logo-LCM2LOOP-complet.png\",\"width\":200,\"height\":50,\"caption\":\"LCM2LOOP\"},\"image\":{\"@id\":\"https:\\\/\\\/www.lcm2loop.com\\\/#\\\/schema\\\/logo\\\/image\\\/\"},\"sameAs\":[\"https:\\\/\\\/www.linkedin.com\\\/company\\\/lcm2loop\"]}]}<\/script>\n<!-- \/ Yoast SEO plugin. -->","yoast_head_json":{"title":"LCM 2023 - LCM2LOOP","description":"LCM2LOOP a organis\u00e9, avec le bureau d\u2019expertise WeLOOP, la 11\u00e8me \u00e9dition du congr\u00e8s international Life Cycle Management.","robots":{"index":"index","follow":"follow","max-snippet":"max-snippet:-1","max-image-preview":"max-image-preview:large","max-video-preview":"max-video-preview:-1"},"canonical":"https:\/\/www.lcm2loop.com\/en\/lcm-2023\/","og_locale":"en_US","og_type":"article","og_title":"LCM 2023 - LCM2LOOP","og_description":"LCM2LOOP a organis\u00e9, avec le bureau d\u2019expertise WeLOOP, la 11\u00e8me \u00e9dition du congr\u00e8s international Life Cycle Management.","og_url":"https:\/\/www.lcm2loop.com\/en\/lcm-2023\/","og_site_name":"LCM2LOOP","article_modified_time":"2026-01-23T16:13:41+00:00","og_image":[{"width":757,"height":645,"url":"https:\/\/www.lcm2loop.com\/wp-content\/uploads\/2026\/01\/LCM2023-LOGO.png","type":"image\/png"}],"twitter_card":"summary_large_image","twitter_misc":{"Est. reading time":"3 minutes"},"schema":{"@context":"https:\/\/schema.org","@graph":[{"@type":"WebPage","@id":"https:\/\/www.lcm2loop.com\/lcm-2023\/","url":"https:\/\/www.lcm2loop.com\/lcm-2023\/","name":"LCM 2023 - LCM2LOOP","isPartOf":{"@id":"https:\/\/www.lcm2loop.com\/#website"},"primaryImageOfPage":{"@id":"https:\/\/www.lcm2loop.com\/lcm-2023\/#primaryimage"},"image":{"@id":"https:\/\/www.lcm2loop.com\/lcm-2023\/#primaryimage"},"thumbnailUrl":"https:\/\/www.lcm2loop.com\/wp-content\/uploads\/2026\/01\/LCM2023-LOGO.png","datePublished":"2026-01-23T16:09:35+00:00","dateModified":"2026-01-23T16:13:41+00:00","description":"LCM2LOOP a organis\u00e9, avec le bureau d\u2019expertise WeLOOP, la 11\u00e8me \u00e9dition du congr\u00e8s international Life Cycle Management.","breadcrumb":{"@id":"https:\/\/www.lcm2loop.com\/lcm-2023\/#breadcrumb"},"inLanguage":"en-US","potentialAction":[{"@type":"ReadAction","target":["https:\/\/www.lcm2loop.com\/lcm-2023\/"]}]},{"@type":"ImageObject","inLanguage":"en-US","@id":"https:\/\/www.lcm2loop.com\/lcm-2023\/#primaryimage","url":"https:\/\/www.lcm2loop.com\/wp-content\/uploads\/2026\/01\/LCM2023-LOGO.png","contentUrl":"https:\/\/www.lcm2loop.com\/wp-content\/uploads\/2026\/01\/LCM2023-LOGO.png","width":757,"height":645},{"@type":"BreadcrumbList","@id":"https:\/\/www.lcm2loop.com\/lcm-2023\/#breadcrumb","itemListElement":[{"@type":"ListItem","position":1,"name":"Accueil","item":"https:\/\/www.lcm2loop.com\/"},{"@type":"ListItem","position":2,"name":"LCM 2023"}]},{"@type":"WebSite","@id":"https:\/\/www.lcm2loop.com\/#website","url":"https:\/\/www.lcm2loop.com\/","name":"LCM2LOOP","description":"","publisher":{"@id":"https:\/\/www.lcm2loop.com\/#organization"},"potentialAction":[{"@type":"SearchAction","target":{"@type":"EntryPoint","urlTemplate":"https:\/\/www.lcm2loop.com\/?s={search_term_string}"},"query-input":{"@type":"PropertyValueSpecification","valueRequired":true,"valueName":"search_term_string"}}],"inLanguage":"en-US"},{"@type":"Organization","@id":"https:\/\/www.lcm2loop.com\/#organization","name":"LCM2LOOP","url":"https:\/\/www.lcm2loop.com\/","logo":{"@type":"ImageObject","inLanguage":"en-US","@id":"https:\/\/www.lcm2loop.com\/#\/schema\/logo\/image\/","url":"https:\/\/www.lcm2loop.com\/wp-content\/uploads\/2024\/05\/cropped-Logo-LCM2LOOP-complet.png","contentUrl":"https:\/\/www.lcm2loop.com\/wp-content\/uploads\/2024\/05\/cropped-Logo-LCM2LOOP-complet.png","width":200,"height":50,"caption":"LCM2LOOP"},"image":{"@id":"https:\/\/www.lcm2loop.com\/#\/schema\/logo\/image\/"},"sameAs":["https:\/\/www.linkedin.com\/company\/lcm2loop"]}]}},"_links":{"self":[{"href":"https:\/\/www.lcm2loop.com\/en\/wp-json\/wp\/v2\/pages\/1299","targetHints":{"allow":["GET"]}}],"collection":[{"href":"https:\/\/www.lcm2loop.com\/en\/wp-json\/wp\/v2\/pages"}],"about":[{"href":"https:\/\/www.lcm2loop.com\/en\/wp-json\/wp\/v2\/types\/page"}],"author":[{"embeddable":true,"href":"https:\/\/www.lcm2loop.com\/en\/wp-json\/wp\/v2\/users\/3"}],"replies":[{"embeddable":true,"href":"https:\/\/www.lcm2loop.com\/en\/wp-json\/wp\/v2\/comments?post=1299"}],"version-history":[{"count":4,"href":"https:\/\/www.lcm2loop.com\/en\/wp-json\/wp\/v2\/pages\/1299\/revisions"}],"predecessor-version":[{"id":1307,"href":"https:\/\/www.lcm2loop.com\/en\/wp-json\/wp\/v2\/pages\/1299\/revisions\/1307"}],"wp:featuredmedia":[{"embeddable":true,"href":"https:\/\/www.lcm2loop.com\/en\/wp-json\/wp\/v2\/media\/1302"}],"wp:attachment":[{"href":"https:\/\/www.lcm2loop.com\/en\/wp-json\/wp\/v2\/media?parent=1299"}],"curies":[{"name":"wp","href":"https:\/\/api.w.org\/{rel}","templated":true}]}}