{"id":591,"date":"2023-01-16T15:16:02","date_gmt":"2023-01-16T15:16:02","guid":{"rendered":"https:\/\/demosites.io\/web-agency-pro-gb\/?page_id=591"},"modified":"2025-11-10T15:52:37","modified_gmt":"2025-11-10T14:52:37","slug":"nous-contacter","status":"publish","type":"page","link":"https:\/\/www.lcm2loop.com\/en\/nous-contacter\/","title":{"rendered":"Nous Contacter"},"content":{"rendered":"\n<section id=\"wp-block-themeisle-blocks-advanced-columns-6013fee3\" class=\"wp-block-themeisle-blocks-advanced-columns alignfull has-3-columns has-desktop-equal-layout has-tablet-equal-layout has-mobile-collapsedRows-layout has-vertical-flex-start has-light-bg\"><div class=\"wp-block-themeisle-blocks-advanced-columns-overlay\"><\/div><div class=\"innerblocks-wrap\">\n<div id=\"wp-block-themeisle-blocks-advanced-column-1a42e736\" class=\"wp-block-themeisle-blocks-advanced-column animated slideInUp has-light-bg\">\n<div id=\"wp-block-themeisle-blocks-font-awesome-icons-620480cc\" class=\"wp-block-themeisle-blocks-font-awesome-icons\"><span class=\"wp-block-themeisle-blocks-font-awesome-icons-container\"><i class=\"fas fa-phone\"><\/i><\/span><\/div>\n\n\n\n<div style=\"height:16px\" aria-hidden=\"true\" class=\"wp-block-spacer\"><\/div>\n\n\n\n<h2 id=\"wp-block-themeisle-blocks-advanced-heading-5efbf740\" class=\"wp-block-themeisle-blocks-advanced-heading wp-block-themeisle-blocks-advanced-heading-5efbf740\">T\u00e9l\u00e9phone<\/h2>\n\n\n\n<span id=\"wp-block-themeisle-blocks-advanced-heading-3fbb6646\" class=\"wp-block-themeisle-blocks-advanced-heading wp-block-themeisle-blocks-advanced-heading-3fbb6646\">&nbsp;09 81 85 76 82 | Lundi &#8211; Vendredi<\/span>\n<\/div>\n\n\n\n<div id=\"wp-block-themeisle-blocks-advanced-column-ea6d1956\" class=\"wp-block-themeisle-blocks-advanced-column animated slideInUp has-light-bg\">\n<div id=\"wp-block-themeisle-blocks-font-awesome-icons-d3a73362\" class=\"wp-block-themeisle-blocks-font-awesome-icons\"><span class=\"wp-block-themeisle-blocks-font-awesome-icons-container\"><i class=\"fas fa-envelope\"><\/i><\/span><\/div>\n\n\n\n<div style=\"height:16px\" aria-hidden=\"true\" class=\"wp-block-spacer\"><\/div>\n\n\n\n<h2 id=\"wp-block-themeisle-blocks-advanced-heading-b74900be\" class=\"wp-block-themeisle-blocks-advanced-heading wp-block-themeisle-blocks-advanced-heading-b74900be\">Email<\/h2>\n\n\n\n<span id=\"wp-block-themeisle-blocks-advanced-heading-b48782ee\" class=\"wp-block-themeisle-blocks-advanced-heading wp-block-themeisle-blocks-advanced-heading-b48782ee\"><a href=\"mailto:info@lcm2loop.com\" data-type=\"mailto\" data-id=\"mailto:info@lcm2loop.com\">info@lcm2loop.com<\/a><\/span>\n<\/div>\n\n\n\n<div id=\"wp-block-themeisle-blocks-advanced-column-6591118f\" class=\"wp-block-themeisle-blocks-advanced-column animated slideInUp has-light-bg\">\n<div id=\"wp-block-themeisle-blocks-font-awesome-icons-bb97447b\" class=\"wp-block-themeisle-blocks-font-awesome-icons\"><span class=\"wp-block-themeisle-blocks-font-awesome-icons-container\"><i class=\"fas fa-map-marker-alt\"><\/i><\/span><\/div>\n\n\n\n<div style=\"height:16px\" aria-hidden=\"true\" class=\"wp-block-spacer\"><\/div>\n\n\n\n<h2 id=\"wp-block-themeisle-blocks-advanced-heading-9a189d62\" class=\"wp-block-themeisle-blocks-advanced-heading wp-block-themeisle-blocks-advanced-heading-9a189d62\">Bureaux<\/h2>\n\n\n\n<span id=\"wp-block-themeisle-blocks-advanced-heading-4984fc14\" class=\"wp-block-themeisle-blocks-advanced-heading wp-block-themeisle-blocks-advanced-heading-4984fc14\">254 rue du Bourg<br>59130 LAMBERSART<\/span>\n<\/div>\n<\/div><\/section>\n\n\n\n<div id=\"wp-block-themeisle-blocks-advanced-columns-69fe059d\" class=\"wp-block-themeisle-blocks-advanced-columns alignfull has-1-columns has-desktop-equal-layout has-tablet-equal-layout has-mobile-collapsedRows-layout has-vertical-unset has-vertical-undefined ticss-c00aadba\"><div class=\"wp-block-themeisle-blocks-advanced-columns-overlay\"><\/div><div class=\"innerblocks-wrap\">\n<div id=\"wp-block-themeisle-blocks-advanced-column-e8b4692b\" class=\"wp-block-themeisle-blocks-advanced-column animated slideInUp\">\n<div id=\"wp-block-themeisle-blocks-advanced-columns-98dab35d\" class=\"wp-block-themeisle-blocks-advanced-columns has-1-columns has-desktop-equal-layout has-tablet-equal-layout has-mobile-equal-layout has-vertical-center\"><div class=\"wp-block-themeisle-blocks-advanced-columns-overlay\"><\/div><div class=\"innerblocks-wrap\">\n<div id=\"wp-block-themeisle-blocks-advanced-column-748d7071\" class=\"wp-block-themeisle-blocks-advanced-column\"><div style=\"height:400pxpx;\" class=\"ticss-83b9f220 wp-block-themeisle-blocks-leaflet-map\" id=\"wp-block-themeisle-blocks-leaflet-map-5795d90d\"><\/div>\n<script type=\"text\/javascript\">\n\t\/* <![CDATA[ *\/\n\t\tif ( ! window.themeisleLeafletMaps ) window.themeisleLeafletMaps =[];\n\t\twindow.themeisleLeafletMaps.push( { container: \"wp-block-themeisle-blocks-leaflet-map-5795d90d\", attributes: {\"id\":\"wp-block-themeisle-blocks-leaflet-map-5795d90d\",\"latitude\":\"50.623337427186144\",\"longitude\":\"2.912578582763672\",\"bbox\":\"2.511062622070313,50.53612614279661,3.314437866210938,50.71037368077058\",\"zoom\":11,\"markers\":[{\"id\":\"1a1a19cc-09d4-4469-8f55-4903d15316bd\",\"latitude\":50.6527256945619939187963609583675861358642578125,\"longitude\":3.03119659423828125,\"title\":\"LCM2LOOP\",\"description\":\"\"}],\"className\":\"ticss-83b9f220\",\"hasCustomCSS\":true,\"customCSS\":\".ticss-83b9f220 {\\n  margin-top: 0px;\\n  margin-bottom: 0px;\\n}\\n\",\"location\":\"La Sagrada Familia, Barcelona, Spain\",\"height\":\"400px\",\"zoomControl\":true,\"draggable\":true,\"TrpContentRestriction\":{\"restriction_type\":\"exclude\",\"selected_languages\":[],\"panel_open\":true},\"otterConditions\":[]} } );\n\t\/* ]]> *\/\n<\/script>\n<\/div>\n<\/div><\/div>\n\n\n\n<div id=\"wp-block-themeisle-blocks-advanced-columns-be71e345\" class=\"wp-block-themeisle-blocks-advanced-columns has-2-columns has-desktop-equal-layout has-tablet-equal-layout has-mobile-collapsedRows-layout has-vertical-top has-dark-bg\"><div class=\"wp-block-themeisle-blocks-advanced-columns-overlay\"><\/div><div class=\"innerblocks-wrap\">\n<div id=\"wp-block-themeisle-blocks-advanced-column-e373838a\" class=\"wp-block-themeisle-blocks-advanced-column\">\n<h2 id=\"wp-block-themeisle-blocks-advanced-heading-a0f377e3\" class=\"wp-block-themeisle-blocks-advanced-heading wp-block-themeisle-blocks-advanced-heading-a0f377e3\">Suivez-nous<\/h2>\n\n\n\n<p class=\"has-text-align-left has-white-color has-text-color\">Suivez-nous sur LinkedIn pour rester inform\u00e9 des derni\u00e8res actualit\u00e9s de l&rsquo;ACV et pour ne manquer aucun des \u00e9v\u00e9nements que nous organisons<\/p>\n\n\n\n<ul class=\"wp-block-social-links has-large-icon-size is-content-justification-center is-layout-flex wp-container-core-social-links-is-layout-16018d1d wp-block-social-links-is-layout-flex\"><li class=\"wp-social-link wp-social-link-linkedin  wp-block-social-link\"><a href=\"https:\/\/www.linkedin.com\/company\/lcm2loop\" class=\"wp-block-social-link-anchor\"><svg width=\"24\" height=\"24\" viewBox=\"0 0 24 24\" version=\"1.1\" xmlns=\"http:\/\/www.w3.org\/2000\/svg\" aria-hidden=\"true\" focusable=\"false\"><path d=\"M19.7,3H4.3C3.582,3,3,3.582,3,4.3v15.4C3,20.418,3.582,21,4.3,21h15.4c0.718,0,1.3-0.582,1.3-1.3V4.3 C21,3.582,20.418,3,19.7,3z M8.339,18.338H5.667v-8.59h2.672V18.338z M7.004,8.574c-0.857,0-1.549-0.694-1.549-1.548 c0-0.855,0.691-1.548,1.549-1.548c0.854,0,1.547,0.694,1.547,1.548C8.551,7.881,7.858,8.574,7.004,8.574z M18.339,18.338h-2.669 v-4.177c0-0.996-0.017-2.278-1.387-2.278c-1.389,0-1.601,1.086-1.601,2.206v4.249h-2.667v-8.59h2.559v1.174h0.037 c0.356-0.675,1.227-1.387,2.526-1.387c2.703,0,3.203,1.779,3.203,4.092V18.338z\"><\/path><\/svg><span class=\"wp-block-social-link-label screen-reader-text\">LinkedIn<\/span><\/a><\/li><\/ul>\n<\/div>\n\n\n\n<div id=\"wp-block-themeisle-blocks-advanced-column-956fcf84\" class=\"wp-block-themeisle-blocks-advanced-column has-light-bg\">\n<h2 class=\"wp-block-heading\"><strong>Envoyez-nous un message<\/strong><\/h2>\n\n\n\n<div id=\"wp-block-themeisle-blocks-form-711530aa\" class=\"wp-block-themeisle-blocks-form\" data-option-name=\"bf9b28ff82ce323187abc5d0feb0d8f07ecd8436_711530aa\"><form class=\"otter-form__container\">\n<div id=\"wp-block-themeisle-blocks-form-input-654fb3e4\" class=\"wp-block-themeisle-blocks-form-input\"><label for=\"wp-block-themeisle-blocks-form-input-654fb3e4-input\" class=\"otter-form-input-label\"><span class=\"otter-form-input-label__label\">Email<\/span><span class=\"required\">*<\/span><\/label><input type=\"email\" id=\"wp-block-themeisle-blocks-form-input-654fb3e4-input\" required class=\"otter-form-input\"\/><\/div>\n\n\n<div class=\"protection\" aria-hidden=\"true\"><input type=\"hidden\" id=\"wp-block-themeisle-blocks-form-711530aa_nonce_field\" name=\"wp-block-themeisle-blocks-form-711530aa_nonce_field\" value=\"1a4eab8f92\" \/><input type=\"hidden\" name=\"_wp_http_referer\" value=\"\/en\/wp-json\/wp\/v2\/pages\/591\" \/><input class=\"o-anti-bot\" type=\"checkbox\"><\/div>\n\n\n<div id=\"wp-block-themeisle-blocks-form-textarea-b8f6ff8f\" class=\"wp-block-themeisle-blocks-form-textarea\"><label for=\"wp-block-themeisle-blocks-form-textarea-b8f6ff8f-input\" class=\"otter-form-textarea-label\"><span class=\"otter-form-textarea-label__label\">Message<\/span><\/label><textarea id=\"wp-block-themeisle-blocks-form-textarea-b8f6ff8f-input\" rows=\"10\" class=\"otter-form-textarea-input\"><\/textarea><\/div>\n<div class=\"wp-block-button\"><button class=\"wp-block-button__link\" type=\"submit\">ENVOYER<\/button><\/div><\/form><\/div>\n<\/div>\n<\/div><\/div>\n<\/div>\n<\/div><\/div>\n","protected":false},"excerpt":{"rendered":"","protected":false},"author":2,"featured_media":0,"parent":0,"menu_order":0,"comment_status":"closed","ping_status":"closed","template":"","meta":{"neve_meta_sidebar":"","neve_meta_container":"","neve_meta_enable_content_width":"","neve_meta_content_width":0,"neve_meta_title_alignment":"","neve_meta_author_avatar":"","neve_post_elements_order":"","neve_meta_disable_header":"","neve_meta_disable_footer":"","neve_meta_disable_title":"","neve_meta_reading_time":"","_themeisle_gutenberg_block_has_review":false,"_ti_tpc_template_sync":false,"_ti_tpc_template_id":"","footnotes":""},"class_list":["post-591","page","type-page","status-publish","hentry"],"yoast_head":"<!-- This site is optimized with the Yoast SEO plugin v27.4 - https:\/\/yoast.com\/product\/yoast-seo-wordpress\/ -->\n<title>Contact \u2013 LCM2LOOP<\/title>\n<meta name=\"description\" content=\"Contactez LCM2LOOP pour toute information sur nos \u00e9v\u00e9nements, formations et projets autour du management du cycle de vie et de l\u2019ACV.\" \/>\n<meta name=\"robots\" content=\"index, follow, max-snippet:-1, max-image-preview:large, max-video-preview:-1\" \/>\n<link rel=\"canonical\" href=\"https:\/\/www.lcm2loop.com\/en\/nous-contacter\/\" \/>\n<meta property=\"og:locale\" content=\"en_US\" \/>\n<meta property=\"og:type\" content=\"article\" \/>\n<meta property=\"og:title\" content=\"Contact \u2013 LCM2LOOP\" \/>\n<meta property=\"og:description\" content=\"Contactez LCM2LOOP pour toute information sur nos \u00e9v\u00e9nements, formations et projets autour du management du cycle de vie et de l\u2019ACV.\" \/>\n<meta property=\"og:url\" content=\"https:\/\/www.lcm2loop.com\/en\/nous-contacter\/\" \/>\n<meta property=\"og:site_name\" content=\"LCM2LOOP\" \/>\n<meta property=\"article:modified_time\" content=\"2025-11-10T14:52:37+00:00\" \/>\n<meta name=\"twitter:card\" content=\"summary_large_image\" \/>\n<meta name=\"twitter:label1\" content=\"Est. reading time\" \/>\n\t<meta name=\"twitter:data1\" content=\"1 minute\" \/>\n<script type=\"application\/ld+json\" class=\"yoast-schema-graph\">{\"@context\":\"https:\\\/\\\/schema.org\",\"@graph\":[{\"@type\":\"WebPage\",\"@id\":\"https:\\\/\\\/www.lcm2loop.com\\\/nous-contacter\\\/\",\"url\":\"https:\\\/\\\/www.lcm2loop.com\\\/nous-contacter\\\/\",\"name\":\"Contact \u2013 LCM2LOOP\",\"isPartOf\":{\"@id\":\"https:\\\/\\\/www.lcm2loop.com\\\/#website\"},\"datePublished\":\"2023-01-16T15:16:02+00:00\",\"dateModified\":\"2025-11-10T14:52:37+00:00\",\"description\":\"Contactez LCM2LOOP pour toute information sur nos \u00e9v\u00e9nements, formations et projets autour du management du cycle de vie et de l\u2019ACV.\",\"breadcrumb\":{\"@id\":\"https:\\\/\\\/www.lcm2loop.com\\\/nous-contacter\\\/#breadcrumb\"},\"inLanguage\":\"en-US\",\"potentialAction\":[{\"@type\":\"ReadAction\",\"target\":[\"https:\\\/\\\/www.lcm2loop.com\\\/nous-contacter\\\/\"]}]},{\"@type\":\"BreadcrumbList\",\"@id\":\"https:\\\/\\\/www.lcm2loop.com\\\/nous-contacter\\\/#breadcrumb\",\"itemListElement\":[{\"@type\":\"ListItem\",\"position\":1,\"name\":\"Accueil\",\"item\":\"https:\\\/\\\/www.lcm2loop.com\\\/\"},{\"@type\":\"ListItem\",\"position\":2,\"name\":\"Nous Contacter\"}]},{\"@type\":\"WebSite\",\"@id\":\"https:\\\/\\\/www.lcm2loop.com\\\/#website\",\"url\":\"https:\\\/\\\/www.lcm2loop.com\\\/\",\"name\":\"LCM2LOOP\",\"description\":\"\",\"publisher\":{\"@id\":\"https:\\\/\\\/www.lcm2loop.com\\\/#organization\"},\"potentialAction\":[{\"@type\":\"SearchAction\",\"target\":{\"@type\":\"EntryPoint\",\"urlTemplate\":\"https:\\\/\\\/www.lcm2loop.com\\\/?s={search_term_string}\"},\"query-input\":{\"@type\":\"PropertyValueSpecification\",\"valueRequired\":true,\"valueName\":\"search_term_string\"}}],\"inLanguage\":\"en-US\"},{\"@type\":\"Organization\",\"@id\":\"https:\\\/\\\/www.lcm2loop.com\\\/#organization\",\"name\":\"LCM2LOOP\",\"url\":\"https:\\\/\\\/www.lcm2loop.com\\\/\",\"logo\":{\"@type\":\"ImageObject\",\"inLanguage\":\"en-US\",\"@id\":\"https:\\\/\\\/www.lcm2loop.com\\\/#\\\/schema\\\/logo\\\/image\\\/\",\"url\":\"https:\\\/\\\/www.lcm2loop.com\\\/wp-content\\\/uploads\\\/2024\\\/05\\\/cropped-Logo-LCM2LOOP-complet.png\",\"contentUrl\":\"https:\\\/\\\/www.lcm2loop.com\\\/wp-content\\\/uploads\\\/2024\\\/05\\\/cropped-Logo-LCM2LOOP-complet.png\",\"width\":200,\"height\":50,\"caption\":\"LCM2LOOP\"},\"image\":{\"@id\":\"https:\\\/\\\/www.lcm2loop.com\\\/#\\\/schema\\\/logo\\\/image\\\/\"},\"sameAs\":[\"https:\\\/\\\/www.linkedin.com\\\/company\\\/lcm2loop\"]}]}<\/script>\n<!-- \/ Yoast SEO plugin. -->","yoast_head_json":{"title":"Contact \u2013 LCM2LOOP","description":"Contactez LCM2LOOP pour toute information sur nos \u00e9v\u00e9nements, formations et projets autour du management du cycle de vie et de l\u2019ACV.","robots":{"index":"index","follow":"follow","max-snippet":"max-snippet:-1","max-image-preview":"max-image-preview:large","max-video-preview":"max-video-preview:-1"},"canonical":"https:\/\/www.lcm2loop.com\/en\/nous-contacter\/","og_locale":"en_US","og_type":"article","og_title":"Contact \u2013 LCM2LOOP","og_description":"Contactez LCM2LOOP pour toute information sur nos \u00e9v\u00e9nements, formations et projets autour du management du cycle de vie et de l\u2019ACV.","og_url":"https:\/\/www.lcm2loop.com\/en\/nous-contacter\/","og_site_name":"LCM2LOOP","article_modified_time":"2025-11-10T14:52:37+00:00","twitter_card":"summary_large_image","twitter_misc":{"Est. reading time":"1 minute"},"schema":{"@context":"https:\/\/schema.org","@graph":[{"@type":"WebPage","@id":"https:\/\/www.lcm2loop.com\/nous-contacter\/","url":"https:\/\/www.lcm2loop.com\/nous-contacter\/","name":"Contact \u2013 LCM2LOOP","isPartOf":{"@id":"https:\/\/www.lcm2loop.com\/#website"},"datePublished":"2023-01-16T15:16:02+00:00","dateModified":"2025-11-10T14:52:37+00:00","description":"Contactez LCM2LOOP pour toute information sur nos \u00e9v\u00e9nements, formations et projets autour du management du cycle de vie et de l\u2019ACV.","breadcrumb":{"@id":"https:\/\/www.lcm2loop.com\/nous-contacter\/#breadcrumb"},"inLanguage":"en-US","potentialAction":[{"@type":"ReadAction","target":["https:\/\/www.lcm2loop.com\/nous-contacter\/"]}]},{"@type":"BreadcrumbList","@id":"https:\/\/www.lcm2loop.com\/nous-contacter\/#breadcrumb","itemListElement":[{"@type":"ListItem","position":1,"name":"Accueil","item":"https:\/\/www.lcm2loop.com\/"},{"@type":"ListItem","position":2,"name":"Nous Contacter"}]},{"@type":"WebSite","@id":"https:\/\/www.lcm2loop.com\/#website","url":"https:\/\/www.lcm2loop.com\/","name":"LCM2LOOP","description":"","publisher":{"@id":"https:\/\/www.lcm2loop.com\/#organization"},"potentialAction":[{"@type":"SearchAction","target":{"@type":"EntryPoint","urlTemplate":"https:\/\/www.lcm2loop.com\/?s={search_term_string}"},"query-input":{"@type":"PropertyValueSpecification","valueRequired":true,"valueName":"search_term_string"}}],"inLanguage":"en-US"},{"@type":"Organization","@id":"https:\/\/www.lcm2loop.com\/#organization","name":"LCM2LOOP","url":"https:\/\/www.lcm2loop.com\/","logo":{"@type":"ImageObject","inLanguage":"en-US","@id":"https:\/\/www.lcm2loop.com\/#\/schema\/logo\/image\/","url":"https:\/\/www.lcm2loop.com\/wp-content\/uploads\/2024\/05\/cropped-Logo-LCM2LOOP-complet.png","contentUrl":"https:\/\/www.lcm2loop.com\/wp-content\/uploads\/2024\/05\/cropped-Logo-LCM2LOOP-complet.png","width":200,"height":50,"caption":"LCM2LOOP"},"image":{"@id":"https:\/\/www.lcm2loop.com\/#\/schema\/logo\/image\/"},"sameAs":["https:\/\/www.linkedin.com\/company\/lcm2loop"]}]}},"_links":{"self":[{"href":"https:\/\/www.lcm2loop.com\/en\/wp-json\/wp\/v2\/pages\/591","targetHints":{"allow":["GET"]}}],"collection":[{"href":"https:\/\/www.lcm2loop.com\/en\/wp-json\/wp\/v2\/pages"}],"about":[{"href":"https:\/\/www.lcm2loop.com\/en\/wp-json\/wp\/v2\/types\/page"}],"author":[{"embeddable":true,"href":"https:\/\/www.lcm2loop.com\/en\/wp-json\/wp\/v2\/users\/2"}],"replies":[{"embeddable":true,"href":"https:\/\/www.lcm2loop.com\/en\/wp-json\/wp\/v2\/comments?post=591"}],"version-history":[{"count":16,"href":"https:\/\/www.lcm2loop.com\/en\/wp-json\/wp\/v2\/pages\/591\/revisions"}],"predecessor-version":[{"id":1267,"href":"https:\/\/www.lcm2loop.com\/en\/wp-json\/wp\/v2\/pages\/591\/revisions\/1267"}],"wp:attachment":[{"href":"https:\/\/www.lcm2loop.com\/en\/wp-json\/wp\/v2\/media?parent=591"}],"curies":[{"name":"wp","href":"https:\/\/api.w.org\/{rel}","templated":true}]}}